{"id":663,"date":"2025-05-05T22:47:37","date_gmt":"2025-05-06T02:47:37","guid":{"rendered":"https:\/\/themastjournal.org\/sitio-de-la-revista\/"},"modified":"2026-01-21T08:41:21","modified_gmt":"2026-01-21T13:41:21","slug":"sitio-de-la-revista","status":"publish","type":"page","link":"https:\/\/themastjournal.org\/es\/sitio-de-la-revista\/","title":{"rendered":"Sitio de la revista"},"content":{"rendered":"\n<h2 class=\"wp-block-heading\">Misi\u00f3n<\/h2>\n\n\n\n<p>La misi\u00f3n de la Revista de la Mercy Association de las Escrituras y la Teolog\u00eda es publicar art\u00edculos sobre las Escrituras, la teolog\u00eda, la espiritualidad y el carisma de la Misericordia a trav\u00e9s de lentes internacionales, interculturales e intergeneracionales del mundo de la Misericordia.<\/p>\n\n\n\n<h2 class=\"wp-block-heading\">Puntos de referencia<\/h2>\n\n\n\n<ol class=\"wp-block-list\">\n<li><em>The MAST Journal<\/em> ofrece art\u00edculos arraigados en la reflexi\u00f3n teol\u00f3gica, la erudici\u00f3n y la experiencia con el fin de educar e involucrar a las personas en una reflexi\u00f3n y conversaci\u00f3n reflexivas sobre temas contempor\u00e1neos en la Iglesia, la sociedad y la vida religiosa.<\/li>\n\n\n\n<li><em>The MAST Journal<\/em> explora los valores, perspectivas e inquietudes de las religiosas, particularmente a trav\u00e9s de la lente del carisma de la Misericordia.<\/li>\n\n\n\n<li><em>The MAST Journal<\/em> educa y promueve la reflexi\u00f3n y el di\u00e1logo en torno a la teolog\u00eda y la espiritualidad, con especial atenci\u00f3n a la transformaci\u00f3n personal, eclesial y social hacia un mundo m\u00e1s justo e inclusivo.<\/li>\n\n\n\n<li><em>The MAST Journal<\/em> da la bienvenida a una diversidad de voces y perspectivas de toda la familia global de Mercy y amigos sobre temas espirituales y teol\u00f3gicos actuales.<\/li>\n\n\n\n<li><em>The MAST Journa<\/em>l es una expresi\u00f3n del camino de la misericordia en el mundo de hoy.<\/li>\n<\/ol>\n\n\n\n<h2 class=\"wp-block-heading\">Informaci\u00f3n de publicaci\u00f3n<\/h2>\n\n\n\n<p>La revista, <em>The MAST Journal<\/em>, fundada en 1991, se publica en l\u00ednea tres veces al a\u00f1o, en enero, mayo y septiembre, por la Mercy Association in Scripture and Theology (MAST). A lo largo del a\u00f1o se ofrece contenido adicional en el sitio web, las redes sociales y por correo electr\u00f3nico.<\/p>\n\n\n\n<h2 class=\"wp-block-heading\">Manuscritos<\/h2>\n\n\n\n<p>\u00bfTe interesa enviar un manuscrito para que lo eval\u00fae el Consejo Editorial? Utiliza nuestro <a href=\"https:\/\/themastjournal.org\/es\/contact-us\/\">formulario de contacto<\/a> para ponerte en contacto con la editora de <em>The MAST Journal.<\/em><\/p>\n\n\n\n<h2 class=\"wp-block-heading\">Permiso<\/h2>\n\n\n\n<p>\u00bfHay alg\u00fan art\u00edculo de <em>The MAST Journal<\/em> que te gustar\u00eda reimprimir?\u00a0<a href=\"https:\/\/themastjournal.org\/es\/contact-us\/\">Por favor, ponte en contacto con nosotros a trav\u00e9s de nuestro formulario web<\/a>. El permiso para reimprimir im\u00e1genes debe obtenerse directamente del titular de los derechos de autor.<\/p>\n\n\n\n<h2 class=\"wp-block-heading\">M\u00e1s informaci\u00f3n sobre nosotros<\/h2>\n\n\n\n<ul class=\"wp-block-list\">\n<li><a href=\"https:\/\/themastjournal.org\/es\/historia-de-la-revista\/\">Historia de la revista<\/a><\/li>\n\n\n\n<li><a href=\"https:\/\/themastjournal.org\/es\/board-members\/\">Miembros del Consejo Editorial<\/a><\/li>\n\n\n\n<li><a href=\"https:\/\/themastjournal.org\/es\/collaborators\/\">Colaboradores<\/a><\/li>\n\n\n\n<li><a href=\"https:\/\/themastjournal.org\/es\/contribuyentes\/\">Contribuyentes<\/a><\/li>\n\n\n\n<li><a href=\"https:\/\/themastjournal.org\/es\/asociacion-de-la-misericordia-para-las-escrituras-y-la-teologia\/\">Asociaci\u00f3n de la Misericordia sobre Sagradas Escrituras y Teolog\u00eda<\/a><\/li>\n\n\n\n<li><a href=\"https:\/\/sistersofmercy.org\/es\/\">Hermanas de la Misericordia<\/a><\/li>\n<\/ul>\n\n\n\n<p><\/p>\n","protected":false},"excerpt":{"rendered":"<p>Misi\u00f3n La misi\u00f3n de la Revista de la Mercy Association de las Escrituras y la Teolog\u00eda es publicar art\u00edculos sobre las Escrituras, la teolog\u00eda, la espiritualidad y el carisma de la Misericordia a trav\u00e9s de lentes internacionales, interculturales e intergeneracionales del mundo de la Misericordia. Puntos de referencia Informaci\u00f3n de publicaci\u00f3n La revista, The MAST [&hellip;]<\/p>\n","protected":false},"author":6,"featured_media":0,"parent":0,"menu_order":0,"comment_status":"closed","ping_status":"closed","template":"","meta":{"_acf_changed":false,"_monsterinsights_skip_tracking":false,"_monsterinsights_sitenote_active":false,"_monsterinsights_sitenote_note":"","_monsterinsights_sitenote_category":0,"footnotes":""},"class_list":["post-663","page","type-page","status-publish","hentry"],"acf":[],"yoast_head":"<!-- This site is optimized with the Yoast SEO plugin v27.3 - https:\/\/yoast.com\/product\/yoast-seo-wordpress\/ -->\n<title>Sitio de la revista - The Mast Journal<\/title>\n<meta name=\"robots\" content=\"index, follow, max-snippet:-1, max-image-preview:large, max-video-preview:-1\" \/>\n<link rel=\"canonical\" href=\"https:\/\/themastjournal.org\/es\/sitio-de-la-revista\/\" \/>\n<meta property=\"og:locale\" content=\"es_ES\" \/>\n<meta property=\"og:type\" content=\"article\" \/>\n<meta property=\"og:title\" content=\"Sitio de la revista - The Mast Journal\" \/>\n<meta property=\"og:description\" content=\"Misi\u00f3n La misi\u00f3n de la Revista de la Mercy Association de las Escrituras y la Teolog\u00eda es publicar art\u00edculos sobre las Escrituras, la teolog\u00eda, la espiritualidad y el carisma de la Misericordia a trav\u00e9s de lentes internacionales, interculturales e intergeneracionales del mundo de la Misericordia. Puntos de referencia Informaci\u00f3n de publicaci\u00f3n La revista, The MAST [&hellip;]\" \/>\n<meta property=\"og:url\" content=\"https:\/\/themastjournal.org\/es\/sitio-de-la-revista\/\" \/>\n<meta property=\"og:site_name\" content=\"The Mast Journal\" \/>\n<meta property=\"article:modified_time\" content=\"2026-01-21T13:41:21+00:00\" \/>\n<meta name=\"twitter:card\" content=\"summary_large_image\" \/>\n<meta name=\"twitter:label1\" content=\"Est. reading time\" \/>\n\t<meta name=\"twitter:data1\" content=\"2 minutos\" \/>\n<script type=\"application\/ld+json\" class=\"yoast-schema-graph\">{\"@context\":\"https:\\\/\\\/schema.org\",\"@graph\":[{\"@type\":\"WebPage\",\"@id\":\"https:\\\/\\\/themastjournal.org\\\/es\\\/sitio-de-la-revista\\\/\",\"url\":\"https:\\\/\\\/themastjournal.org\\\/es\\\/sitio-de-la-revista\\\/\",\"name\":\"Sitio de la revista - The Mast Journal\",\"isPartOf\":{\"@id\":\"https:\\\/\\\/themastjournal.org\\\/es\\\/#website\"},\"datePublished\":\"2025-05-06T02:47:37+00:00\",\"dateModified\":\"2026-01-21T13:41:21+00:00\",\"breadcrumb\":{\"@id\":\"https:\\\/\\\/themastjournal.org\\\/es\\\/sitio-de-la-revista\\\/#breadcrumb\"},\"inLanguage\":\"es\",\"potentialAction\":[{\"@type\":\"ReadAction\",\"target\":[\"https:\\\/\\\/themastjournal.org\\\/es\\\/sitio-de-la-revista\\\/\"]}]},{\"@type\":\"BreadcrumbList\",\"@id\":\"https:\\\/\\\/themastjournal.org\\\/es\\\/sitio-de-la-revista\\\/#breadcrumb\",\"itemListElement\":[{\"@type\":\"ListItem\",\"position\":1,\"name\":\"Home\",\"item\":\"https:\\\/\\\/themastjournal.org\\\/es\\\/\"},{\"@type\":\"ListItem\",\"position\":2,\"name\":\"Sitio de la revista\"}]},{\"@type\":\"WebSite\",\"@id\":\"https:\\\/\\\/themastjournal.org\\\/es\\\/#website\",\"url\":\"https:\\\/\\\/themastjournal.org\\\/es\\\/\",\"name\":\"The Mast Journal\",\"description\":\"A Sisters of Mercy publication\",\"publisher\":{\"@id\":\"https:\\\/\\\/themastjournal.org\\\/es\\\/#organization\"},\"potentialAction\":[{\"@type\":\"SearchAction\",\"target\":{\"@type\":\"EntryPoint\",\"urlTemplate\":\"https:\\\/\\\/themastjournal.org\\\/es\\\/?s={search_term_string}\"},\"query-input\":{\"@type\":\"PropertyValueSpecification\",\"valueRequired\":true,\"valueName\":\"search_term_string\"}}],\"inLanguage\":\"es\"},{\"@type\":\"Organization\",\"@id\":\"https:\\\/\\\/themastjournal.org\\\/es\\\/#organization\",\"name\":\"The Mast Journal\",\"url\":\"https:\\\/\\\/themastjournal.org\\\/es\\\/\",\"logo\":{\"@type\":\"ImageObject\",\"inLanguage\":\"es\",\"@id\":\"https:\\\/\\\/themastjournal.org\\\/es\\\/#\\\/schema\\\/logo\\\/image\\\/\",\"url\":\"https:\\\/\\\/themastjournal.org\\\/wp-content\\\/uploads\\\/2025\\\/03\\\/logo.png\",\"contentUrl\":\"https:\\\/\\\/themastjournal.org\\\/wp-content\\\/uploads\\\/2025\\\/03\\\/logo.png\",\"width\":450,\"height\":185,\"caption\":\"The Mast Journal\"},\"image\":{\"@id\":\"https:\\\/\\\/themastjournal.org\\\/es\\\/#\\\/schema\\\/logo\\\/image\\\/\"}}]}<\/script>\n<!-- \/ Yoast SEO plugin. -->","yoast_head_json":{"title":"Sitio de la revista - The Mast Journal","robots":{"index":"index","follow":"follow","max-snippet":"max-snippet:-1","max-image-preview":"max-image-preview:large","max-video-preview":"max-video-preview:-1"},"canonical":"https:\/\/themastjournal.org\/es\/sitio-de-la-revista\/","og_locale":"es_ES","og_type":"article","og_title":"Sitio de la revista - The Mast Journal","og_description":"Misi\u00f3n La misi\u00f3n de la Revista de la Mercy Association de las Escrituras y la Teolog\u00eda es publicar art\u00edculos sobre las Escrituras, la teolog\u00eda, la espiritualidad y el carisma de la Misericordia a trav\u00e9s de lentes internacionales, interculturales e intergeneracionales del mundo de la Misericordia. Puntos de referencia Informaci\u00f3n de publicaci\u00f3n La revista, The MAST [&hellip;]","og_url":"https:\/\/themastjournal.org\/es\/sitio-de-la-revista\/","og_site_name":"The Mast Journal","article_modified_time":"2026-01-21T13:41:21+00:00","twitter_card":"summary_large_image","twitter_misc":{"Est. reading time":"2 minutos"},"schema":{"@context":"https:\/\/schema.org","@graph":[{"@type":"WebPage","@id":"https:\/\/themastjournal.org\/es\/sitio-de-la-revista\/","url":"https:\/\/themastjournal.org\/es\/sitio-de-la-revista\/","name":"Sitio de la revista - The Mast Journal","isPartOf":{"@id":"https:\/\/themastjournal.org\/es\/#website"},"datePublished":"2025-05-06T02:47:37+00:00","dateModified":"2026-01-21T13:41:21+00:00","breadcrumb":{"@id":"https:\/\/themastjournal.org\/es\/sitio-de-la-revista\/#breadcrumb"},"inLanguage":"es","potentialAction":[{"@type":"ReadAction","target":["https:\/\/themastjournal.org\/es\/sitio-de-la-revista\/"]}]},{"@type":"BreadcrumbList","@id":"https:\/\/themastjournal.org\/es\/sitio-de-la-revista\/#breadcrumb","itemListElement":[{"@type":"ListItem","position":1,"name":"Home","item":"https:\/\/themastjournal.org\/es\/"},{"@type":"ListItem","position":2,"name":"Sitio de la revista"}]},{"@type":"WebSite","@id":"https:\/\/themastjournal.org\/es\/#website","url":"https:\/\/themastjournal.org\/es\/","name":"The Mast Journal","description":"A Sisters of Mercy publication","publisher":{"@id":"https:\/\/themastjournal.org\/es\/#organization"},"potentialAction":[{"@type":"SearchAction","target":{"@type":"EntryPoint","urlTemplate":"https:\/\/themastjournal.org\/es\/?s={search_term_string}"},"query-input":{"@type":"PropertyValueSpecification","valueRequired":true,"valueName":"search_term_string"}}],"inLanguage":"es"},{"@type":"Organization","@id":"https:\/\/themastjournal.org\/es\/#organization","name":"The Mast Journal","url":"https:\/\/themastjournal.org\/es\/","logo":{"@type":"ImageObject","inLanguage":"es","@id":"https:\/\/themastjournal.org\/es\/#\/schema\/logo\/image\/","url":"https:\/\/themastjournal.org\/wp-content\/uploads\/2025\/03\/logo.png","contentUrl":"https:\/\/themastjournal.org\/wp-content\/uploads\/2025\/03\/logo.png","width":450,"height":185,"caption":"The Mast Journal"},"image":{"@id":"https:\/\/themastjournal.org\/es\/#\/schema\/logo\/image\/"}}]}},"_links":{"self":[{"href":"https:\/\/themastjournal.org\/es\/wp-json\/wp\/v2\/pages\/663","targetHints":{"allow":["GET"]}}],"collection":[{"href":"https:\/\/themastjournal.org\/es\/wp-json\/wp\/v2\/pages"}],"about":[{"href":"https:\/\/themastjournal.org\/es\/wp-json\/wp\/v2\/types\/page"}],"author":[{"embeddable":true,"href":"https:\/\/themastjournal.org\/es\/wp-json\/wp\/v2\/users\/6"}],"replies":[{"embeddable":true,"href":"https:\/\/themastjournal.org\/es\/wp-json\/wp\/v2\/comments?post=663"}],"version-history":[{"count":0,"href":"https:\/\/themastjournal.org\/es\/wp-json\/wp\/v2\/pages\/663\/revisions"}],"wp:attachment":[{"href":"https:\/\/themastjournal.org\/es\/wp-json\/wp\/v2\/media?parent=663"}],"curies":[{"name":"wp","href":"https:\/\/api.w.org\/{rel}","templated":true}]}}