{"id":492,"date":"2025-05-05T22:52:56","date_gmt":"2025-05-06T02:52:56","guid":{"rendered":"https:\/\/themastjournal.org\/?page_id=492"},"modified":"2025-05-05T22:56:54","modified_gmt":"2025-05-05T22:56:54","slug":"historia-de-la-revista","status":"publish","type":"page","link":"https:\/\/themastjournal.org\/es\/historia-de-la-revista\/","title":{"rendered":"Historia de la Revista"},"content":{"rendered":"\n<h2 class=\"wp-block-heading\">Historia<\/h2>\n\n\n\n<p>MAST, la Asociaci\u00f3n de Misericordia en las Escrituras y la Teolog\u00eda, se reuni\u00f3 por primera vez en junio de 1987 en Gwynedd-Mercy College en Gwynedd Valley, Pensilvania, bajo los auspicios de la Comunidad Merion de las Hermanas de la Misericordia. Convocados por Eloise Rosenblatt, RSM y Mary Ann Getty, veinte te\u00f3logos de la Misericordia y eruditos de las Escrituras de catorce comunidades regionales establecieron formalmente la organizaci\u00f3n para proporcionar un foro para el di\u00e1logo y la cooperaci\u00f3n entre las Hermanas de la Misericordia y sus asociados. Los prop\u00f3sitos de la organizaci\u00f3n son promover estudios e investigaciones en las Escrituras, teolog\u00eda, filosof\u00eda, \u00e9tica, espiritualidad, ministerio, historia de la congregaci\u00f3n y campos relacionados; apoyar a sus miembros y colaboradores en actividades acad\u00e9micas a trav\u00e9s del estudio, la escritura, la publicaci\u00f3n, la ense\u00f1anza, la administraci\u00f3n; el enriquecimiento de la direcci\u00f3n espiritual, los retiros; apoyar el liderazgo parroquial y diocesano, y proporcionar un medio para que los miembros y colaboradores aborden los problemas eclesiales en el contexto de sus disciplinas y ministerios relacionados. El trabajo est\u00e1 destinado a servir a las mujeres, a la Iglesia y al Instituto.<\/p>\n\n\n\n<p>En 1988, despu\u00e9s de esta reuni\u00f3n inaugural en Gywnedd-Mercy College, varios miembros de MAST hicieron una propuesta al Consejo Ejecutivo de la Federaci\u00f3n solicitando el patrocinio de una revista teol\u00f3gica que se centrar\u00eda en temas y preocupaciones importantes para las Hermanas de la Misericordia. Como resultado de esta colaboraci\u00f3n, se hicieron preparativos para que la publicaci\u00f3n apareciera en el <em>Bolet\u00edn de Mercy Life<\/em> patrocinado por la Oficina Ejecutiva de la Federaci\u00f3n de las Hermanas de la Misericordia de las Am\u00e9ricas en Rochester, Nueva York. El nombre propuesto inicialmente para la revista era <em>Mercy Challenge. <\/em>Un consejo editorial provisional decidi\u00f3 los temas a desarrollar. Estas primeras conversaciones propusieron que se les pidiera a las Hermanas de la Misericordia que no fueran miembros de MAST, as\u00ed como a las mujeres que no eran miembros de la Congregaci\u00f3n, que presentaran art\u00edculos al consejo editorial. Estas primeras conversaciones anticipan que se podr\u00eda alentar a los lectores a sugerir temas y escritores, y se les podr\u00eda invitar a comentar los art\u00edculos impresos.<\/p>\n\n\n\n<p>El primer n\u00famero de <em>Mercy Challenge<\/em> apareci\u00f3 en junio de 1989, como un inserto en el <em>Bolet\u00edn de Mercy Life <\/em>de la Federaci\u00f3n. El art\u00edculo fue un ensayo sustantivo de Maryanne Stevens, R.S.M., \u00abFundamentalism Within\u00bb. A medida que se desarrollaba el proyecto de publicaci\u00f3n, el nombre cambi\u00f3. El n\u00famero inaugural de <em>The MAST Journal<\/em>, Vol. 1, No. 1, apareci\u00f3 en el oto\u00f1o de 1990 con tres art\u00edculos bajo el tema de \u00abVocaci\u00f3n y membres\u00eda\u00bb. Maryanne Stevens, RSM (Omaha) era ahora la editora, con un consejo editorial compuesto por Joanne Lappetito (Baltimore), Betsy McMillan (Pittsburgh), Eloise Rosenblatt (Burlingame) y Julia Upton (Brooklyn). Maryanne Stevens permaneci\u00f3 como editora hasta 1993, hasta que asumi\u00f3 la presidencia del College of St. Mary en Omaha, Nebraska.<\/p>\n\n\n\n<p>Eloise Rosenblatt asumi\u00f3 la responsabilidad como editora de la edici\u00f3n de oto\u00f1o de 1993, con el Vol. 4, No.1 y seis art\u00edculos sobre \u00abEspiritualidad de la Misericordia\u00bb. Durante las \u00faltimas tres d\u00e9cadas, <em>The MAST Journal<\/em> ha sido agraciado con una sucesi\u00f3n de miembros competentes del consejo editorial, apareci\u00f3 en copia impresa bajo cuatro cambios de editores e impresores, con una sucesi\u00f3n de correos a suscriptores nacionales e internacionales.<\/p>\n\n\n\n<p>En mayo de 2025, bajo el patrocinio del Instituto, <em>The MAST Journal lanz\u00f3 <\/em>un sitio web y una presencia en l\u00ednea que puso su contenido a disposici\u00f3n del p\u00fablico y lo redise\u00f1\u00f3 como una publicaci\u00f3n digital.<\/p>\n","protected":false},"excerpt":{"rendered":"<p>Historia MAST, la Asociaci\u00f3n de Misericordia en las Escrituras y la Teolog\u00eda, se reuni\u00f3 por primera vez en junio de 1987 en Gwynedd-Mercy College en Gwynedd Valley, Pensilvania, bajo los auspicios de la Comunidad Merion de las Hermanas de la Misericordia. Convocados por Eloise Rosenblatt, RSM y Mary Ann Getty, veinte te\u00f3logos de la Misericordia [&hellip;]<\/p>\n","protected":false},"author":6,"featured_media":0,"parent":0,"menu_order":0,"comment_status":"closed","ping_status":"closed","template":"","meta":{"_acf_changed":false,"_monsterinsights_skip_tracking":false,"_monsterinsights_sitenote_active":false,"_monsterinsights_sitenote_note":"","_monsterinsights_sitenote_category":0,"footnotes":""},"class_list":["post-492","page","type-page","status-publish","hentry"],"acf":[],"yoast_head":"<!-- This site is optimized with the Yoast SEO plugin v27.5 - https:\/\/yoast.com\/product\/yoast-seo-wordpress\/ -->\n<title>Historia de la Revista - The Mast Journal<\/title>\n<meta name=\"robots\" content=\"index, follow, max-snippet:-1, max-image-preview:large, max-video-preview:-1\" \/>\n<link rel=\"canonical\" href=\"https:\/\/themastjournal.org\/history-of-the-journal\/\" \/>\n<meta property=\"og:locale\" content=\"es_ES\" \/>\n<meta property=\"og:type\" content=\"article\" \/>\n<meta property=\"og:title\" content=\"Historia de la Revista - The Mast Journal\" \/>\n<meta property=\"og:description\" content=\"Historia MAST, la Asociaci\u00f3n de Misericordia en las Escrituras y la Teolog\u00eda, se reuni\u00f3 por primera vez en junio de 1987 en Gwynedd-Mercy College en Gwynedd Valley, Pensilvania, bajo los auspicios de la Comunidad Merion de las Hermanas de la Misericordia. Convocados por Eloise Rosenblatt, RSM y Mary Ann Getty, veinte te\u00f3logos de la Misericordia [&hellip;]\" \/>\n<meta property=\"og:url\" content=\"https:\/\/themastjournal.org\/history-of-the-journal\/\" \/>\n<meta property=\"og:site_name\" content=\"The Mast Journal\" \/>\n<meta name=\"twitter:card\" content=\"summary_large_image\" \/>\n<meta name=\"twitter:label1\" content=\"Est. reading time\" \/>\n\t<meta name=\"twitter:data1\" content=\"3 minutos\" \/>\n<script type=\"application\/ld+json\" class=\"yoast-schema-graph\">{\"@context\":\"https:\\\/\\\/schema.org\",\"@graph\":[{\"@type\":\"WebPage\",\"@id\":\"https:\\\/\\\/themastjournal.org\\\/history-of-the-journal\\\/\",\"url\":\"https:\\\/\\\/themastjournal.org\\\/history-of-the-journal\\\/\",\"name\":\"Historia de la Revista - The Mast Journal\",\"isPartOf\":{\"@id\":\"https:\\\/\\\/themastjournal.org\\\/es\\\/#website\"},\"datePublished\":\"2025-05-06T02:52:56+00:00\",\"breadcrumb\":{\"@id\":\"https:\\\/\\\/themastjournal.org\\\/history-of-the-journal\\\/#breadcrumb\"},\"inLanguage\":\"es\",\"potentialAction\":[{\"@type\":\"ReadAction\",\"target\":[\"https:\\\/\\\/themastjournal.org\\\/history-of-the-journal\\\/\"]}]},{\"@type\":\"BreadcrumbList\",\"@id\":\"https:\\\/\\\/themastjournal.org\\\/history-of-the-journal\\\/#breadcrumb\",\"itemListElement\":[{\"@type\":\"ListItem\",\"position\":1,\"name\":\"Home\",\"item\":\"https:\\\/\\\/themastjournal.org\\\/es\\\/\"},{\"@type\":\"ListItem\",\"position\":2,\"name\":\"Historia de la Revista\"}]},{\"@type\":\"WebSite\",\"@id\":\"https:\\\/\\\/themastjournal.org\\\/es\\\/#website\",\"url\":\"https:\\\/\\\/themastjournal.org\\\/es\\\/\",\"name\":\"The Mast Journal\",\"description\":\"A Sisters of Mercy publication\",\"publisher\":{\"@id\":\"https:\\\/\\\/themastjournal.org\\\/es\\\/#organization\"},\"potentialAction\":[{\"@type\":\"SearchAction\",\"target\":{\"@type\":\"EntryPoint\",\"urlTemplate\":\"https:\\\/\\\/themastjournal.org\\\/es\\\/?s={search_term_string}\"},\"query-input\":{\"@type\":\"PropertyValueSpecification\",\"valueRequired\":true,\"valueName\":\"search_term_string\"}}],\"inLanguage\":\"es\"},{\"@type\":\"Organization\",\"@id\":\"https:\\\/\\\/themastjournal.org\\\/es\\\/#organization\",\"name\":\"The Mast Journal\",\"url\":\"https:\\\/\\\/themastjournal.org\\\/es\\\/\",\"logo\":{\"@type\":\"ImageObject\",\"inLanguage\":\"es\",\"@id\":\"https:\\\/\\\/themastjournal.org\\\/es\\\/#\\\/schema\\\/logo\\\/image\\\/\",\"url\":\"https:\\\/\\\/themastjournal.org\\\/wp-content\\\/uploads\\\/2025\\\/03\\\/logo.png\",\"contentUrl\":\"https:\\\/\\\/themastjournal.org\\\/wp-content\\\/uploads\\\/2025\\\/03\\\/logo.png\",\"width\":450,\"height\":185,\"caption\":\"The Mast Journal\"},\"image\":{\"@id\":\"https:\\\/\\\/themastjournal.org\\\/es\\\/#\\\/schema\\\/logo\\\/image\\\/\"}}]}<\/script>\n<!-- \/ Yoast SEO plugin. -->","yoast_head_json":{"title":"Historia de la Revista - The Mast Journal","robots":{"index":"index","follow":"follow","max-snippet":"max-snippet:-1","max-image-preview":"max-image-preview:large","max-video-preview":"max-video-preview:-1"},"canonical":"https:\/\/themastjournal.org\/history-of-the-journal\/","og_locale":"es_ES","og_type":"article","og_title":"Historia de la Revista - The Mast Journal","og_description":"Historia MAST, la Asociaci\u00f3n de Misericordia en las Escrituras y la Teolog\u00eda, se reuni\u00f3 por primera vez en junio de 1987 en Gwynedd-Mercy College en Gwynedd Valley, Pensilvania, bajo los auspicios de la Comunidad Merion de las Hermanas de la Misericordia. Convocados por Eloise Rosenblatt, RSM y Mary Ann Getty, veinte te\u00f3logos de la Misericordia [&hellip;]","og_url":"https:\/\/themastjournal.org\/history-of-the-journal\/","og_site_name":"The Mast Journal","twitter_card":"summary_large_image","twitter_misc":{"Est. reading time":"3 minutos"},"schema":{"@context":"https:\/\/schema.org","@graph":[{"@type":"WebPage","@id":"https:\/\/themastjournal.org\/history-of-the-journal\/","url":"https:\/\/themastjournal.org\/history-of-the-journal\/","name":"Historia de la Revista - The Mast Journal","isPartOf":{"@id":"https:\/\/themastjournal.org\/es\/#website"},"datePublished":"2025-05-06T02:52:56+00:00","breadcrumb":{"@id":"https:\/\/themastjournal.org\/history-of-the-journal\/#breadcrumb"},"inLanguage":"es","potentialAction":[{"@type":"ReadAction","target":["https:\/\/themastjournal.org\/history-of-the-journal\/"]}]},{"@type":"BreadcrumbList","@id":"https:\/\/themastjournal.org\/history-of-the-journal\/#breadcrumb","itemListElement":[{"@type":"ListItem","position":1,"name":"Home","item":"https:\/\/themastjournal.org\/es\/"},{"@type":"ListItem","position":2,"name":"Historia de la Revista"}]},{"@type":"WebSite","@id":"https:\/\/themastjournal.org\/es\/#website","url":"https:\/\/themastjournal.org\/es\/","name":"The Mast Journal","description":"A Sisters of Mercy publication","publisher":{"@id":"https:\/\/themastjournal.org\/es\/#organization"},"potentialAction":[{"@type":"SearchAction","target":{"@type":"EntryPoint","urlTemplate":"https:\/\/themastjournal.org\/es\/?s={search_term_string}"},"query-input":{"@type":"PropertyValueSpecification","valueRequired":true,"valueName":"search_term_string"}}],"inLanguage":"es"},{"@type":"Organization","@id":"https:\/\/themastjournal.org\/es\/#organization","name":"The Mast Journal","url":"https:\/\/themastjournal.org\/es\/","logo":{"@type":"ImageObject","inLanguage":"es","@id":"https:\/\/themastjournal.org\/es\/#\/schema\/logo\/image\/","url":"https:\/\/themastjournal.org\/wp-content\/uploads\/2025\/03\/logo.png","contentUrl":"https:\/\/themastjournal.org\/wp-content\/uploads\/2025\/03\/logo.png","width":450,"height":185,"caption":"The Mast Journal"},"image":{"@id":"https:\/\/themastjournal.org\/es\/#\/schema\/logo\/image\/"}}]}},"_links":{"self":[{"href":"https:\/\/themastjournal.org\/es\/wp-json\/wp\/v2\/pages\/492","targetHints":{"allow":["GET"]}}],"collection":[{"href":"https:\/\/themastjournal.org\/es\/wp-json\/wp\/v2\/pages"}],"about":[{"href":"https:\/\/themastjournal.org\/es\/wp-json\/wp\/v2\/types\/page"}],"author":[{"embeddable":true,"href":"https:\/\/themastjournal.org\/es\/wp-json\/wp\/v2\/users\/6"}],"replies":[{"embeddable":true,"href":"https:\/\/themastjournal.org\/es\/wp-json\/wp\/v2\/comments?post=492"}],"version-history":[{"count":0,"href":"https:\/\/themastjournal.org\/es\/wp-json\/wp\/v2\/pages\/492\/revisions"}],"wp:attachment":[{"href":"https:\/\/themastjournal.org\/es\/wp-json\/wp\/v2\/media?parent=492"}],"curies":[{"name":"wp","href":"https:\/\/api.w.org\/{rel}","templated":true}]}}