{"id":486,"date":"2025-05-05T22:38:45","date_gmt":"2025-05-06T02:38:45","guid":{"rendered":"https:\/\/themastjournal.org\/?page_id=486"},"modified":"2025-05-22T15:25:00","modified_gmt":"2025-05-22T15:25:00","slug":"sobre-nosotros","status":"publish","type":"page","link":"https:\/\/themastjournal.org\/es\/sobre-nosotros\/","title":{"rendered":"Sobre nosotros"},"content":{"rendered":"\n<h2 class=\"wp-block-heading\">Consejo Editorial<\/h2>\n\n\n\n<p>El Consejo Editorial tiene la misi\u00f3n de <em>The MAST Journal<\/em> y gu\u00eda su implementaci\u00f3n. La Junta se involucra en la reflexi\u00f3n teol\u00f3gica sobre las realidades actuales de la Iglesia y el mundo; planifica temas y temas para los pr\u00f3ximos problemas; establece un horario general; ayuda a reclutar escritores y otros colaboradores; y eval\u00faa la respuesta y el impacto de los trabajos publicados.<\/p>\n\n\n\n<p>Con el lanzamiento en 2025 de la plataforma en l\u00ednea <em>The MAST Journal<\/em>, el consejo editorial ampl\u00eda su enfoque a temas importantes en todo el mundo de la misericordia, ya que mantiene simult\u00e1neamente la reflexi\u00f3n b\u00edblica, espiritual y teol\u00f3gica de sus art\u00edculos. El consejo editorial se compromete a reflejar la realidad internacional, intercultural e intergeneracional del Instituto de la Misericordia.<\/p>\n\n\n\n<p>El Consejo est\u00e1 formado por los siguientes miembros: [perfiles incrustados o enlaces para cada uno de los siguientes]<\/p>\n\n\n\n<ul class=\"wp-block-list\">\n<li><a href=\"\/es\/board-members\/#6-anchor\">Eloise Rosenblatt, editora<\/a> [RIP]<\/li>\n\n\n\n<li><a href=\"\/es\/board-members\/#1-anchor\" data-type=\"page\" data-id=\"973\">Mary-Paula Cancienne<\/a><\/li>\n\n\n\n<li><a href=\"\/es\/board-members\/#2-anchor\">Danielle Gagnon<\/a><\/li>\n\n\n\n<li><a href=\"\/es\/board-members\/#3-anchor\">Doris Gottemoeller<\/a><\/li>\n\n\n\n<li><a href=\"\/es\/board-members\/#4-anchor\">Sharon Kerrigan<\/a><\/li>\n\n\n\n<li><a href=\"\/es\/board-members\/#5-anchor\">Aline Paris<\/a><\/li>\n\n\n\n<li><a href=\"\/es\/board-members\/#7-anchor\">Maryanne Stevens<\/a><\/li>\n\n\n\n<li><a href=\"\/es\/board-members\/#8-anchor\">Patricia Talone<\/a><\/li>\n<\/ul>\n\n\n\n<p>La Editora Gerente es miembro ex officio del Consejo: [perfil incrustado o enlace para lo siguiente]<\/p>\n\n\n\n<ul class=\"wp-block-list\">\n<li>j<a href=\"\/es\/board-members\/#11-anchor\">ulie vieira, editora gerente<\/a><\/li>\n<\/ul>\n\n\n\n<h2 class=\"wp-block-heading\"><br>Conozca m\u00e1s sobre nosotros<\/h2>\n\n\n\n<p><a href=\"\/es\/sitio-de-la-revista\" data-type=\"page\" data-id=\"489\">Sitio de la revista<\/a><\/p>\n\n\n\n<p><a href=\"\/es\/historia-de-la-revista\" data-type=\"page\" data-id=\"490\">Historia de la Revista<\/a><\/p>\n\n\n\n<p><\/p>\n","protected":false},"excerpt":{"rendered":"<p>Consejo Editorial El Consejo Editorial tiene la misi\u00f3n de The MAST Journal y gu\u00eda su implementaci\u00f3n. La Junta se involucra en la reflexi\u00f3n teol\u00f3gica sobre las realidades actuales de la Iglesia y el mundo; planifica temas y temas para los pr\u00f3ximos problemas; establece un horario general; ayuda a reclutar escritores y otros colaboradores; y eval\u00faa [&hellip;]<\/p>\n","protected":false},"author":6,"featured_media":0,"parent":0,"menu_order":0,"comment_status":"closed","ping_status":"closed","template":"","meta":{"_acf_changed":false,"_monsterinsights_skip_tracking":false,"_monsterinsights_sitenote_active":false,"_monsterinsights_sitenote_note":"","_monsterinsights_sitenote_category":0,"footnotes":""},"class_list":["post-486","page","type-page","status-publish","hentry"],"acf":[],"yoast_head":"<!-- This site is optimized with the Yoast SEO plugin v27.5 - https:\/\/yoast.com\/product\/yoast-seo-wordpress\/ -->\n<title>Sobre nosotros - The Mast Journal<\/title>\n<meta name=\"robots\" content=\"index, follow, max-snippet:-1, max-image-preview:large, max-video-preview:-1\" \/>\n<link rel=\"canonical\" href=\"https:\/\/themastjournal.org\/es\/sobre-nosotros\/\" \/>\n<meta property=\"og:locale\" content=\"es_ES\" \/>\n<meta property=\"og:type\" content=\"article\" \/>\n<meta property=\"og:title\" content=\"Sobre nosotros - The Mast Journal\" \/>\n<meta property=\"og:description\" content=\"Consejo Editorial El Consejo Editorial tiene la misi\u00f3n de The MAST Journal y gu\u00eda su implementaci\u00f3n. La Junta se involucra en la reflexi\u00f3n teol\u00f3gica sobre las realidades actuales de la Iglesia y el mundo; planifica temas y temas para los pr\u00f3ximos problemas; establece un horario general; ayuda a reclutar escritores y otros colaboradores; y eval\u00faa [&hellip;]\" \/>\n<meta property=\"og:url\" content=\"https:\/\/themastjournal.org\/es\/sobre-nosotros\/\" \/>\n<meta property=\"og:site_name\" content=\"The Mast Journal\" \/>\n<meta property=\"article:modified_time\" content=\"2025-05-22T15:25:00+00:00\" \/>\n<meta name=\"twitter:card\" content=\"summary_large_image\" \/>\n<meta name=\"twitter:label1\" content=\"Est. reading time\" \/>\n\t<meta name=\"twitter:data1\" content=\"1 minuto\" \/>\n<script type=\"application\/ld+json\" class=\"yoast-schema-graph\">{\"@context\":\"https:\\\/\\\/schema.org\",\"@graph\":[{\"@type\":\"WebPage\",\"@id\":\"https:\\\/\\\/themastjournal.org\\\/es\\\/sobre-nosotros\\\/\",\"url\":\"https:\\\/\\\/themastjournal.org\\\/es\\\/sobre-nosotros\\\/\",\"name\":\"Sobre nosotros - The Mast Journal\",\"isPartOf\":{\"@id\":\"https:\\\/\\\/themastjournal.org\\\/es\\\/#website\"},\"datePublished\":\"2025-05-06T02:38:45+00:00\",\"dateModified\":\"2025-05-22T15:25:00+00:00\",\"breadcrumb\":{\"@id\":\"https:\\\/\\\/themastjournal.org\\\/es\\\/sobre-nosotros\\\/#breadcrumb\"},\"inLanguage\":\"es\",\"potentialAction\":[{\"@type\":\"ReadAction\",\"target\":[\"https:\\\/\\\/themastjournal.org\\\/es\\\/sobre-nosotros\\\/\"]}]},{\"@type\":\"BreadcrumbList\",\"@id\":\"https:\\\/\\\/themastjournal.org\\\/es\\\/sobre-nosotros\\\/#breadcrumb\",\"itemListElement\":[{\"@type\":\"ListItem\",\"position\":1,\"name\":\"Home\",\"item\":\"https:\\\/\\\/themastjournal.org\\\/es\\\/\"},{\"@type\":\"ListItem\",\"position\":2,\"name\":\"Sobre nosotros\"}]},{\"@type\":\"WebSite\",\"@id\":\"https:\\\/\\\/themastjournal.org\\\/es\\\/#website\",\"url\":\"https:\\\/\\\/themastjournal.org\\\/es\\\/\",\"name\":\"The Mast Journal\",\"description\":\"A Sisters of Mercy publication\",\"publisher\":{\"@id\":\"https:\\\/\\\/themastjournal.org\\\/es\\\/#organization\"},\"potentialAction\":[{\"@type\":\"SearchAction\",\"target\":{\"@type\":\"EntryPoint\",\"urlTemplate\":\"https:\\\/\\\/themastjournal.org\\\/es\\\/?s={search_term_string}\"},\"query-input\":{\"@type\":\"PropertyValueSpecification\",\"valueRequired\":true,\"valueName\":\"search_term_string\"}}],\"inLanguage\":\"es\"},{\"@type\":\"Organization\",\"@id\":\"https:\\\/\\\/themastjournal.org\\\/es\\\/#organization\",\"name\":\"The Mast Journal\",\"url\":\"https:\\\/\\\/themastjournal.org\\\/es\\\/\",\"logo\":{\"@type\":\"ImageObject\",\"inLanguage\":\"es\",\"@id\":\"https:\\\/\\\/themastjournal.org\\\/es\\\/#\\\/schema\\\/logo\\\/image\\\/\",\"url\":\"https:\\\/\\\/themastjournal.org\\\/wp-content\\\/uploads\\\/2025\\\/03\\\/logo.png\",\"contentUrl\":\"https:\\\/\\\/themastjournal.org\\\/wp-content\\\/uploads\\\/2025\\\/03\\\/logo.png\",\"width\":450,\"height\":185,\"caption\":\"The Mast Journal\"},\"image\":{\"@id\":\"https:\\\/\\\/themastjournal.org\\\/es\\\/#\\\/schema\\\/logo\\\/image\\\/\"}}]}<\/script>\n<!-- \/ Yoast SEO plugin. -->","yoast_head_json":{"title":"Sobre nosotros - The Mast Journal","robots":{"index":"index","follow":"follow","max-snippet":"max-snippet:-1","max-image-preview":"max-image-preview:large","max-video-preview":"max-video-preview:-1"},"canonical":"https:\/\/themastjournal.org\/es\/sobre-nosotros\/","og_locale":"es_ES","og_type":"article","og_title":"Sobre nosotros - The Mast Journal","og_description":"Consejo Editorial El Consejo Editorial tiene la misi\u00f3n de The MAST Journal y gu\u00eda su implementaci\u00f3n. La Junta se involucra en la reflexi\u00f3n teol\u00f3gica sobre las realidades actuales de la Iglesia y el mundo; planifica temas y temas para los pr\u00f3ximos problemas; establece un horario general; ayuda a reclutar escritores y otros colaboradores; y eval\u00faa [&hellip;]","og_url":"https:\/\/themastjournal.org\/es\/sobre-nosotros\/","og_site_name":"The Mast Journal","article_modified_time":"2025-05-22T15:25:00+00:00","twitter_card":"summary_large_image","twitter_misc":{"Est. reading time":"1 minuto"},"schema":{"@context":"https:\/\/schema.org","@graph":[{"@type":"WebPage","@id":"https:\/\/themastjournal.org\/es\/sobre-nosotros\/","url":"https:\/\/themastjournal.org\/es\/sobre-nosotros\/","name":"Sobre nosotros - The Mast Journal","isPartOf":{"@id":"https:\/\/themastjournal.org\/es\/#website"},"datePublished":"2025-05-06T02:38:45+00:00","dateModified":"2025-05-22T15:25:00+00:00","breadcrumb":{"@id":"https:\/\/themastjournal.org\/es\/sobre-nosotros\/#breadcrumb"},"inLanguage":"es","potentialAction":[{"@type":"ReadAction","target":["https:\/\/themastjournal.org\/es\/sobre-nosotros\/"]}]},{"@type":"BreadcrumbList","@id":"https:\/\/themastjournal.org\/es\/sobre-nosotros\/#breadcrumb","itemListElement":[{"@type":"ListItem","position":1,"name":"Home","item":"https:\/\/themastjournal.org\/es\/"},{"@type":"ListItem","position":2,"name":"Sobre nosotros"}]},{"@type":"WebSite","@id":"https:\/\/themastjournal.org\/es\/#website","url":"https:\/\/themastjournal.org\/es\/","name":"The Mast Journal","description":"A Sisters of Mercy publication","publisher":{"@id":"https:\/\/themastjournal.org\/es\/#organization"},"potentialAction":[{"@type":"SearchAction","target":{"@type":"EntryPoint","urlTemplate":"https:\/\/themastjournal.org\/es\/?s={search_term_string}"},"query-input":{"@type":"PropertyValueSpecification","valueRequired":true,"valueName":"search_term_string"}}],"inLanguage":"es"},{"@type":"Organization","@id":"https:\/\/themastjournal.org\/es\/#organization","name":"The Mast Journal","url":"https:\/\/themastjournal.org\/es\/","logo":{"@type":"ImageObject","inLanguage":"es","@id":"https:\/\/themastjournal.org\/es\/#\/schema\/logo\/image\/","url":"https:\/\/themastjournal.org\/wp-content\/uploads\/2025\/03\/logo.png","contentUrl":"https:\/\/themastjournal.org\/wp-content\/uploads\/2025\/03\/logo.png","width":450,"height":185,"caption":"The Mast Journal"},"image":{"@id":"https:\/\/themastjournal.org\/es\/#\/schema\/logo\/image\/"}}]}},"_links":{"self":[{"href":"https:\/\/themastjournal.org\/es\/wp-json\/wp\/v2\/pages\/486","targetHints":{"allow":["GET"]}}],"collection":[{"href":"https:\/\/themastjournal.org\/es\/wp-json\/wp\/v2\/pages"}],"about":[{"href":"https:\/\/themastjournal.org\/es\/wp-json\/wp\/v2\/types\/page"}],"author":[{"embeddable":true,"href":"https:\/\/themastjournal.org\/es\/wp-json\/wp\/v2\/users\/6"}],"replies":[{"embeddable":true,"href":"https:\/\/themastjournal.org\/es\/wp-json\/wp\/v2\/comments?post=486"}],"version-history":[{"count":0,"href":"https:\/\/themastjournal.org\/es\/wp-json\/wp\/v2\/pages\/486\/revisions"}],"wp:attachment":[{"href":"https:\/\/themastjournal.org\/es\/wp-json\/wp\/v2\/media?parent=486"}],"curies":[{"name":"wp","href":"https:\/\/api.w.org\/{rel}","templated":true}]}}